{"id":21,"date":"2021-08-19T22:51:24","date_gmt":"2021-08-19T22:51:24","guid":{"rendered":"https:\/\/vixglobaltrading.com\/pt-br\/?page_id=21"},"modified":"2024-02-02T13:37:22","modified_gmt":"2024-02-02T13:37:22","slug":"quem-somos","status":"publish","type":"page","link":"https:\/\/vixglobaltrading.com\/pt-br\/quem-somos\/","title":{"rendered":"Quem Somos"},"content":{"rendered":"\t\t<div data-elementor-type=\"wp-page\" data-elementor-id=\"21\" class=\"elementor elementor-21\" data-elementor-post-type=\"page\">\n\t\t\t\t\t\t\t\t\t<section class=\"elementor-section elementor-top-section elementor-element elementor-element-f71eaac elementor-section-stretched elementor-section-boxed elementor-section-height-default elementor-section-height-default\" data-id=\"f71eaac\" data-element_type=\"section\" data-settings=\"{&quot;stretch_section&quot;:&quot;section-stretched&quot;,&quot;background_background&quot;:&quot;classic&quot;}\">\n\t\t\t\t\t\t<div class=\"elementor-container elementor-column-gap-default\">\n\t\t\t\t\t<div class=\"elementor-column elementor-col-100 elementor-top-column elementor-element elementor-element-f48ea76\" data-id=\"f48ea76\" data-element_type=\"column\">\n\t\t\t<div class=\"elementor-widget-wrap elementor-element-populated\">\n\t\t\t\t\t\t\t\t<div class=\"elementor-element elementor-element-b850e91 elementor-widget elementor-widget-heading\" data-id=\"b850e91\" data-element_type=\"widget\" data-widget_type=\"heading.default\">\n\t\t\t\t<div class=\"elementor-widget-container\">\n\t\t\t<h1 class=\"elementor-heading-title elementor-size-default\">Quem somos<\/h1>\t\t<\/div>\n\t\t\t\t<\/div>\n\t\t\t\t\t<\/div>\n\t\t<\/div>\n\t\t\t\t\t\t\t<\/div>\n\t\t<\/section>\n\t\t\t\t<section class=\"elementor-section elementor-top-section elementor-element elementor-element-2022fff6 elementor-section-stretched elementor-section-boxed elementor-section-height-default elementor-section-height-default\" data-id=\"2022fff6\" data-element_type=\"section\" data-settings=\"{&quot;stretch_section&quot;:&quot;section-stretched&quot;,&quot;background_background&quot;:&quot;classic&quot;}\">\n\t\t\t\t\t\t<div class=\"elementor-container elementor-column-gap-default\">\n\t\t\t\t\t<div class=\"elementor-column elementor-col-100 elementor-top-column elementor-element elementor-element-7706273d\" data-id=\"7706273d\" data-element_type=\"column\">\n\t\t\t<div class=\"elementor-widget-wrap elementor-element-populated\">\n\t\t\t\t\t\t\t\t<section class=\"elementor-section elementor-inner-section elementor-element elementor-element-386f4351 elementor-section-boxed elementor-section-height-default elementor-section-height-default\" data-id=\"386f4351\" data-element_type=\"section\">\n\t\t\t\t\t\t<div class=\"elementor-container elementor-column-gap-default\">\n\t\t\t\t\t<div class=\"elementor-column elementor-col-50 elementor-inner-column elementor-element elementor-element-3c81bd9c\" data-id=\"3c81bd9c\" data-element_type=\"column\">\n\t\t\t<div class=\"elementor-widget-wrap elementor-element-populated\">\n\t\t\t\t\t\t\t\t<div class=\"elementor-element elementor-element-2acf66c3 elementor-widget elementor-widget-heading\" data-id=\"2acf66c3\" data-element_type=\"widget\" data-widget_type=\"heading.default\">\n\t\t\t\t<div class=\"elementor-widget-container\">\n\t\t\t<h1 class=\"elementor-heading-title elementor-size-default\">Sobre n\u00f3s<\/h1>\t\t<\/div>\n\t\t\t\t<\/div>\n\t\t\t\t<div class=\"elementor-element elementor-element-7e53b240 elementor-widget elementor-widget-text-editor\" data-id=\"7e53b240\" data-element_type=\"widget\" data-widget_type=\"text-editor.default\">\n\t\t\t\t<div class=\"elementor-widget-container\">\n\t\t\t\t\t\t\t<p>N\u00f3s nos orgulhamos de ser um aliado dedicado na navega\u00e7\u00e3o pelo din\u00e2mico cen\u00e1rio dos neg\u00f3cios internacionais. Especializados em representar e prospectar oportunidades para uma ampla gama de empresas\/produtores\/agricultores, n\u00f3s eliminamos a lacuna entre seus objetivos e o vasto mercado global.<\/p><p>Para empresas sediadas no Brasil, oferecemos servi\u00e7os abrangentes projetados para impulsionar empreendimentos internacionais, fornecendo insights e orienta\u00e7\u00e3o estrat\u00e9gica, garantindo que a entrada no mercado global seja bem informada e eficaz. Tamb\u00e9m auxiliamos na meticulosa forma\u00e7\u00e3o de estrat\u00e9gias de precifica\u00e7\u00e3o competitivas, otimizando a posi\u00e7\u00e3o no mercado internacional.\u00a0<\/p><p>Desde consultoria at\u00e9 log\u00edstica e al\u00e9m, oferecemos suporte completo para simplificar as complexidades do com\u00e9rcio internacional, permitindo que empresas\/produtores\/agricultores brasileiros se concentrem no que fazem de melhor.<\/p>\t\t\t\t\t\t<\/div>\n\t\t\t\t<\/div>\n\t\t\t\t\t<\/div>\n\t\t<\/div>\n\t\t\t\t<div class=\"elementor-column elementor-col-50 elementor-inner-column elementor-element elementor-element-4eb17b98\" data-id=\"4eb17b98\" data-element_type=\"column\">\n\t\t\t<div class=\"elementor-widget-wrap elementor-element-populated\">\n\t\t\t\t\t\t\t\t<div class=\"elementor-element elementor-element-25a44780 elementor-widget elementor-widget-image\" data-id=\"25a44780\" data-element_type=\"widget\" data-widget_type=\"image.default\">\n\t\t\t\t<div class=\"elementor-widget-container\">\n\t\t\t\t\t\t\t\t\t\t\t\t\t\t\t<img decoding=\"async\" src=\"https:\/\/vixglobaltrading.com\/pt-br\/wp-content\/uploads\/elementor\/thumbs\/WhatsApp-Image-2023-04-27-at-15.16.11-q5n4uxde8er24d473l5rxsai1yl5m3fq2uk9u39j8g.jpeg\" title=\"WhatsApp Image 2023-04-27 at 15.16.11\" alt=\"WhatsApp Image 2023-04-27 at 15.16.11\" loading=\"lazy\" \/>\t\t\t\t\t\t\t\t\t\t\t\t\t\t\t<\/div>\n\t\t\t\t<\/div>\n\t\t\t\t\t<\/div>\n\t\t<\/div>\n\t\t\t\t\t\t\t<\/div>\n\t\t<\/section>\n\t\t\t\t<section class=\"elementor-section elementor-inner-section elementor-element elementor-element-7435f90 elementor-section-boxed elementor-section-height-default elementor-section-height-default\" data-id=\"7435f90\" data-element_type=\"section\">\n\t\t\t\t\t\t<div class=\"elementor-container elementor-column-gap-default\">\n\t\t\t\t\t<div class=\"elementor-column elementor-col-100 elementor-inner-column elementor-element elementor-element-5a128d0\" data-id=\"5a128d0\" data-element_type=\"column\">\n\t\t\t<div class=\"elementor-widget-wrap elementor-element-populated\">\n\t\t\t\t\t\t\t\t<div class=\"elementor-element elementor-element-897d71f elementor-widget elementor-widget-text-editor\" data-id=\"897d71f\" data-element_type=\"widget\" data-widget_type=\"text-editor.default\">\n\t\t\t\t<div class=\"elementor-widget-container\">\n\t\t\t\t\t\t\t<p>Na VIX Global, n\u00e3o apenas navegamos nos mercados globais; cultivamos parcerias duradouras e facilitamos conex\u00f5es internacionais.\u00a0<\/p><p>Para importadores em busca de produtos de qualidade e parceiros confi\u00e1veis no Brasil, vasculhamos meticulosamente o mercado para conect\u00e1-lo com as melhores ofertas, caso essas ofertas j\u00e1 n\u00e3o estejam dentro de nossa comunidade de exporta\u00e7\u00e3o.<\/p><p>Atrav\u00e9s de prospec\u00e7\u00e3o diligente, identificamos e desbloqueamos oportunidades que estejam alinhadas com sua vis\u00e3o e aspira\u00e7\u00f5es. Seu sucesso \u00e9 a nossa prioridade.<\/p>\t\t\t\t\t\t<\/div>\n\t\t\t\t<\/div>\n\t\t\t\t\t<\/div>\n\t\t<\/div>\n\t\t\t\t\t\t\t<\/div>\n\t\t<\/section>\n\t\t\t\t\t<\/div>\n\t\t<\/div>\n\t\t\t\t\t\t\t<\/div>\n\t\t<\/section>\n\t\t\t\t\t\t\t<\/div>\n\t\t","protected":false},"excerpt":{"rendered":"<p>Quem somos Sobre n\u00f3s N\u00f3s nos orgulhamos de ser um aliado dedicado na navega\u00e7\u00e3o pelo din\u00e2mico cen\u00e1rio dos neg\u00f3cios internacionais. Especializados em representar e prospectar oportunidades para uma ampla gama de empresas\/produtores\/agricultores, n\u00f3s eliminamos a lacuna entre seus objetivos e o vasto mercado global. Para empresas sediadas no Brasil, oferecemos servi\u00e7os abrangentes projetados para impulsionar [&hellip;]<\/p>\n","protected":false},"author":1,"featured_media":0,"parent":0,"menu_order":0,"comment_status":"closed","ping_status":"closed","template":"","meta":{"_joinchat":[],"footnotes":""},"class_list":["post-21","page","type-page","status-publish","hentry"],"_links":{"self":[{"href":"https:\/\/vixglobaltrading.com\/pt-br\/wp-json\/wp\/v2\/pages\/21","targetHints":{"allow":["GET"]}}],"collection":[{"href":"https:\/\/vixglobaltrading.com\/pt-br\/wp-json\/wp\/v2\/pages"}],"about":[{"href":"https:\/\/vixglobaltrading.com\/pt-br\/wp-json\/wp\/v2\/types\/page"}],"author":[{"embeddable":true,"href":"https:\/\/vixglobaltrading.com\/pt-br\/wp-json\/wp\/v2\/users\/1"}],"replies":[{"embeddable":true,"href":"https:\/\/vixglobaltrading.com\/pt-br\/wp-json\/wp\/v2\/comments?post=21"}],"version-history":[{"count":41,"href":"https:\/\/vixglobaltrading.com\/pt-br\/wp-json\/wp\/v2\/pages\/21\/revisions"}],"predecessor-version":[{"id":1088,"href":"https:\/\/vixglobaltrading.com\/pt-br\/wp-json\/wp\/v2\/pages\/21\/revisions\/1088"}],"wp:attachment":[{"href":"https:\/\/vixglobaltrading.com\/pt-br\/wp-json\/wp\/v2\/media?parent=21"}],"curies":[{"name":"wp","href":"https:\/\/api.w.org\/{rel}","templated":true}]}}